{"id":129,"date":"2026-04-18T14:20:59","date_gmt":"2026-04-18T14:20:59","guid":{"rendered":"https:\/\/mailpva.com\/tr\/?post_type=product&#038;p=129"},"modified":"2026-04-18T14:21:02","modified_gmt":"2026-04-18T14:21:02","slug":"10-google-voice","status":"publish","type":"product","link":"https:\/\/mailpva.com\/tr\/pva\/10-google-voice\/","title":{"rendered":"10 Google Voice"},"content":{"rendered":"","protected":false},"excerpt":{"rendered":"<p>Bu hesap tamamen yeni. Her hesap i\u00e7in 48 saatlik de\u011fi\u015fim garantisi sunuyoruz. E-postan\u0131z\u0131 en ge\u00e7 6 saat i\u00e7inde almay\u0131 bekleyebilirsiniz.<\/p>\n","protected":false},"featured_media":0,"comment_status":"open","ping_status":"closed","template":"","meta":[],"product_brand":[],"product_cat":[27],"product_tag":[],"class_list":{"0":"post-129","1":"product","2":"type-product","3":"status-publish","5":"product_cat-google-voice","7":"first","8":"instock","9":"shipping-taxable","10":"product-type-external"},"_links":{"self":[{"href":"https:\/\/mailpva.com\/tr\/wp-json\/wp\/v2\/product\/129","targetHints":{"allow":["GET"]}}],"collection":[{"href":"https:\/\/mailpva.com\/tr\/wp-json\/wp\/v2\/product"}],"about":[{"href":"https:\/\/mailpva.com\/tr\/wp-json\/wp\/v2\/types\/product"}],"replies":[{"embeddable":true,"href":"https:\/\/mailpva.com\/tr\/wp-json\/wp\/v2\/comments?post=129"}],"wp:attachment":[{"href":"https:\/\/mailpva.com\/tr\/wp-json\/wp\/v2\/media?parent=129"}],"wp:term":[{"taxonomy":"product_brand","embeddable":true,"href":"https:\/\/mailpva.com\/tr\/wp-json\/wp\/v2\/product_brand?post=129"},{"taxonomy":"product_cat","embeddable":true,"href":"https:\/\/mailpva.com\/tr\/wp-json\/wp\/v2\/product_cat?post=129"},{"taxonomy":"product_tag","embeddable":true,"href":"https:\/\/mailpva.com\/tr\/wp-json\/wp\/v2\/product_tag?post=129"}],"curies":[{"name":"wp","href":"https:\/\/api.w.org\/{rel}","templated":true}]}}